{"id":4456,"date":"2023-08-08T15:25:04","date_gmt":"2023-08-08T15:25:04","guid":{"rendered":"https:\/\/www.darthy.com\/?post_type=product&#038;p=4456"},"modified":"2023-11-03T11:30:05","modified_gmt":"2023-11-03T11:30:05","slug":"tivoli-audio-model-two-stereo","status":"publish","type":"product","link":"https:\/\/www.darthy.com\/en\/product\/tivoli-audio-model-two-stereo\/","title":{"rendered":"Tivoli Audio Model Two Stereo"},"content":{"rendered":"<h1 id=\"title\" class=\"a-size-large a-spacing-none\"><span id=\"productTitle\" class=\"a-size-large product-title-word-break\">Tivoli Audio Model Two Stereo<\/span><\/h1>\n<p><span class=\"a-text-bold\">Altavoces incorporados:\u00a0<\/span>Si<br \/>\n<span class=\"a-text-bold\">Altura:\u00a0<\/span>11,43 cm<br \/>\n<span class=\"a-text-bold\">Ancho:\u00a0<\/span>21,27 cm<br \/>\n<span class=\"a-text-bold\">Bandas de radio soportadas:\u00a0<\/span>AM, FM<br \/>\n<span class=\"a-text-bold\">Color del producto:\u00a0<\/span>Cereza, Gris<br \/>\n<span class=\"a-text-bold\">Compatibilidad con bases dock de Apple:\u00a0<\/span>iPod<br \/>\n<span class=\"a-text-bold\">Control de volumen:\u00a0<\/span>Giratorio<br \/>\n<span class=\"a-text-bold\">Dimensiones (Ancho x Profundidad x Altura):\u00a0<\/span>212.7 x 133.4 x 114.3 mm<br \/>\n<span class=\"a-text-bold\">Entrada auxiliar:\u00a0<\/span>Si<br \/>\n<span class=\"a-text-bold\">Gu\u00eda de configuraci\u00f3n r\u00e1pida:\u00a0<\/span>Si<br \/>\n<span class=\"a-text-bold\">Indicadores LED:\u00a0<\/span>Si<br \/>\n<span class=\"a-text-bold\">Intervalo de temperatura operativa:\u00a0<\/span>5 &#8211; 40 \u00b0C<br \/>\n<span class=\"a-text-bold\">LED de energ\u00eda:\u00a0<\/span>Si<br \/>\n<span class=\"a-text-bold\">N\u00famero de altavoces incorporados:\u00a0<\/span>2<br \/>\n<span class=\"a-text-bold\">Pantalla incorporada:\u00a0<\/span>No<br \/>\n<span class=\"a-text-bold\">Peso:\u00a0<\/span>4,1 kg<br \/>\n<span class=\"a-text-bold\">Profundidad:\u00a0<\/span>13,34 cm<br \/>\n<span class=\"a-text-bold\">Reproducci\u00f3n MP3:\u00a0<\/span>No<br \/>\n<span class=\"a-text-bold\">Reproductor de CD:\u00a0<\/span>No<br \/>\n<span class=\"a-text-bold\">Salidas para auriculares:\u00a0<\/span>1<\/p>\n<p>Our\u00a0<a href=\"https:\/\/www.darthy.com\/en\/politica-de-envios-y-devoluciones\/\">delivery service<\/a>\u00a0works every day in order to get your orders to you in 48 hours or less.<\/p>\n<p>Con el proposito de que el materia llegue en las mejores condiciones, nuestro embalajes estan hechos con el m\u00e1ximo esmero, todos nuestros envios, tambien estan asegurados en caso de extravio o rotura.<\/p>\n<p>Surely many of you know our physical store, many of the fans of Vintage HiFi and collecting has visited us. Because many of our friends can not visit us by distance, we decided to strengthen our website, so you can see our products almost coughing from your devices, so if you see something that may interest you, you can place your orders comfortably from your house.<\/p>\n<p>At the time of placing your order, we will make the shipment quickly so that you can enjoy it as soon as possible in your home.<\/p>\n<p>Our\u00a0<a href=\"https:\/\/www.darthy.com\/en\/politica-de-envios-y-devoluciones\/\">delivery service<\/a>\u00a0works every day in order to send your orders in 48 hours or less. With the purpose that the material arrives in the best conditions, our packages are made with the utmost care, all our shipments are also insured in case of loss or breakage.<\/p>","protected":false},"excerpt":{"rendered":"<p>Tivoli Audio Model Two Stereo Altavoces incorporados:\u00a0Si Altura:\u00a011,43 cm Ancho:\u00a021,27 cm Bandas de radio soportadas:\u00a0AM, FM Color del producto:\u00a0Cereza, Gris Compatibilidad con bases dock de Apple:\u00a0iPod Control de volumen:\u00a0Giratorio Dimensiones (Ancho x Profundidad x Altura):\u00a0212.7 x 133.4 x 114.3 mm Entrada auxiliar:\u00a0Si Gu\u00eda de configuraci\u00f3n r\u00e1pida:\u00a0Si Indicadores LED:\u00a0Si Intervalo de temperatura operativa:\u00a05 &#8211; 40 \u00b0C [&hellip;]<\/p>\n","protected":false},"featured_media":4457,"template":"","meta":{"_exactmetrics_skip_tracking":false,"_exactmetrics_sitenote_active":false,"_exactmetrics_sitenote_note":"","_exactmetrics_sitenote_category":0,"ocean_post_layout":"","ocean_both_sidebars_style":"","ocean_both_sidebars_content_width":0,"ocean_both_sidebars_sidebars_width":0,"ocean_sidebar":"","ocean_second_sidebar":"","ocean_disable_margins":"enable","ocean_add_body_class":"","ocean_shortcode_before_top_bar":"","ocean_shortcode_after_top_bar":"","ocean_shortcode_before_header":"","ocean_shortcode_after_header":"","ocean_has_shortcode":"","ocean_shortcode_after_title":"","ocean_shortcode_before_footer_widgets":"","ocean_shortcode_after_footer_widgets":"","ocean_shortcode_before_footer_bottom":"","ocean_shortcode_after_footer_bottom":"","ocean_display_top_bar":"default","ocean_display_header":"default","ocean_header_style":"","ocean_center_header_left_menu":"","ocean_custom_header_template":"","ocean_custom_logo":0,"ocean_custom_retina_logo":0,"ocean_custom_logo_max_width":0,"ocean_custom_logo_tablet_max_width":0,"ocean_custom_logo_mobile_max_width":0,"ocean_custom_logo_max_height":0,"ocean_custom_logo_tablet_max_height":0,"ocean_custom_logo_mobile_max_height":0,"ocean_header_custom_menu":"","ocean_menu_typo_font_family":"","ocean_menu_typo_font_subset":"","ocean_menu_typo_font_size":0,"ocean_menu_typo_font_size_tablet":0,"ocean_menu_typo_font_size_mobile":0,"ocean_menu_typo_font_size_unit":"px","ocean_menu_typo_font_weight":"","ocean_menu_typo_font_weight_tablet":"","ocean_menu_typo_font_weight_mobile":"","ocean_menu_typo_transform":"","ocean_menu_typo_transform_tablet":"","ocean_menu_typo_transform_mobile":"","ocean_menu_typo_line_height":0,"ocean_menu_typo_line_height_tablet":0,"ocean_menu_typo_line_height_mobile":0,"ocean_menu_typo_line_height_unit":"","ocean_menu_typo_spacing":0,"ocean_menu_typo_spacing_tablet":0,"ocean_menu_typo_spacing_mobile":0,"ocean_menu_typo_spacing_unit":"","ocean_menu_link_color":"","ocean_menu_link_color_hover":"","ocean_menu_link_color_active":"","ocean_menu_link_background":"","ocean_menu_link_hover_background":"","ocean_menu_link_active_background":"","ocean_menu_social_links_bg":"","ocean_menu_social_hover_links_bg":"","ocean_menu_social_links_color":"","ocean_menu_social_hover_links_color":"","ocean_disable_title":"default","ocean_disable_heading":"default","ocean_post_title":"","ocean_post_subheading":"","ocean_post_title_style":"","ocean_post_title_background_color":"","ocean_post_title_background":0,"ocean_post_title_bg_image_position":"","ocean_post_title_bg_image_attachment":"","ocean_post_title_bg_image_repeat":"","ocean_post_title_bg_image_size":"","ocean_post_title_height":0,"ocean_post_title_bg_overlay":0.5,"ocean_post_title_bg_overlay_color":"","ocean_disable_breadcrumbs":"default","ocean_breadcrumbs_color":"","ocean_breadcrumbs_separator_color":"","ocean_breadcrumbs_links_color":"","ocean_breadcrumbs_links_hover_color":"","ocean_display_footer_widgets":"default","ocean_display_footer_bottom":"default","ocean_custom_footer_template":""},"product_brand":[],"product_cat":[41],"product_tag":[2347,2350,2351],"class_list":{"0":"post-4456","1":"product","2":"type-product","3":"status-publish","4":"has-post-thumbnail","6":"product_cat-archivo","7":"product_tag-tivoli","8":"product_tag-tivoli-audio-model-two-stereo","9":"product_tag-tivolo-model-two","11":"entry","12":"has-media","14":"first","15":"instock","16":"shipping-taxable","17":"product-type-simple","18":"has-product-nav","19":"col","20":"span_1_of_3","21":"owp-content-center","22":"owp-thumbs-layout-horizontal","23":"owp-btn-normal","24":"owp-tabs-layout-section"},"_links":{"self":[{"href":"https:\/\/www.darthy.com\/en\/wp-json\/wp\/v2\/product\/4456","targetHints":{"allow":["GET"]}}],"collection":[{"href":"https:\/\/www.darthy.com\/en\/wp-json\/wp\/v2\/product"}],"about":[{"href":"https:\/\/www.darthy.com\/en\/wp-json\/wp\/v2\/types\/product"}],"wp:featuredmedia":[{"embeddable":true,"href":"https:\/\/www.darthy.com\/en\/wp-json\/wp\/v2\/media\/4457"}],"wp:attachment":[{"href":"https:\/\/www.darthy.com\/en\/wp-json\/wp\/v2\/media?parent=4456"}],"wp:term":[{"taxonomy":"product_brand","embeddable":true,"href":"https:\/\/www.darthy.com\/en\/wp-json\/wp\/v2\/product_brand?post=4456"},{"taxonomy":"product_cat","embeddable":true,"href":"https:\/\/www.darthy.com\/en\/wp-json\/wp\/v2\/product_cat?post=4456"},{"taxonomy":"product_tag","embeddable":true,"href":"https:\/\/www.darthy.com\/en\/wp-json\/wp\/v2\/product_tag?post=4456"}],"curies":[{"name":"wp","href":"https:\/\/api.w.org\/{rel}","templated":true}]}}