{"id":4066,"date":"2021-09-10T10:30:22","date_gmt":"2021-09-10T10:30:22","guid":{"rendered":"http:\/\/www.darthy.com\/producto\/bw-bowers-wilkins-asw608-subwoofer-used\/"},"modified":"2021-10-18T16:49:25","modified_gmt":"2021-10-18T16:49:25","slug":"bw-bowers-wilkins-asw608-subwoofer-used","status":"publish","type":"product","link":"https:\/\/www.darthy.com\/en\/product\/bw-bowers-wilkins-asw608-subwoofer-used\/","title":{"rendered":"B&#038;W Bowers &#038; Wilkins ASW608 subwoofer USED"},"content":{"rendered":"<p>B&amp;W Bowers &amp; Wilkins ASW608 subwoofer USED<\/p>\n<p>En muy buen estado, sonido espectacular!<\/p>\n<p>Subwoofer activo con recinto herm\u00e9tico Altavoz de 200 mm capaz de realizar grandes desplazamientos, con cono de papel y Kevlar\u00ae Rango de frecuencias: Cruce a -6 dB en 23Hz y 25\/140 Hz (ajustable; EQ en posici\u00f3n A) Respuesta en frecuencia:\u00b13 dB 32 Hz \u2013 40\/140 Hz (ajustable; EQ en posici\u00f3n A)<\/p>\n<p>Salida de potencia: 200 W Consumo de potencia nominal: 40 W \/ 0&#8217;5 W standby Impedancia de entrada: 33 kW Se\u00f1al \/ Ruido: &gt;90 dB Funciones: Nivel de volumen \u2013 l\u00ednea in Nivel de volumen \u2013 caja ac\u00fastica in Frecuencia de filtro de bajo paso \u2013 s\u00f3lo l\u00ednea in Puenteo de filtro de bajo paso Ampliaci\u00f3n de graves Alineaci\u00f3n gradual de bajos Percepci\u00f3n autom\u00e1tica \u00a0 Entradas: L\u00ednea In (fono RCA) Caja ac\u00fastica in (borne de conexi\u00f3n) Disparador de 12 v (toma de 3&#8217;5 mm) Filtro de bajo paso Frecuencia de cruce variable, activa de cuarto orden<\/p>\n<p>Dimensiones: <strong>Ancho 260 x Alto 260 x Fondo 330mm<\/strong><\/p>\n<p>Peso de 8,85 Kg<\/p>\n<p>Our\u00a0<a href=\"http:\/\/www.darthy.com\/en\/politica-de-envios-y-devoluciones\/\">delivery service<\/a>\u00a0works every day in order to get your orders to you in 48 hours or less.<\/p>\n<p>Con el proposito de que el materia llegue en las mejores condiciones, nuestro embalajes estan hechos con el m\u00e1ximo esmero, todos nuestros envios, tambien estan asegurados en caso de extravio o rotura.<\/p>\n<p>Surely many of you know our physical store, many of the fans of Vintage HiFi and collecting has visited us. Because many of our friends can not visit us by distance, we decided to strengthen our website, so you can see our products almost coughing from your devices, so if you see something that may interest you, you can place your orders comfortably from your house.<\/p>\n<p>At the time of placing your order, we will make the shipment quickly so that you can enjoy it as soon as possible in your home.<\/p>\n<p>Our\u00a0<a href=\"http:\/\/www.darthy.com\/en\/politica-de-envios-y-devoluciones\/\">delivery service<\/a>\u00a0works every day in order to send your orders in 48 hours or less. With the purpose that the material arrives in the best conditions, our packages are made with the utmost care, all our shipments are also insured in case of loss or breakage.<\/p>","protected":false},"excerpt":{"rendered":"<p>B&amp;W Bowers &amp; Wilkins ASW608 subwoofer USED En muy buen estado, sonido espectacular! Subwoofer activo con recinto herm\u00e9tico Altavoz de 200 mm capaz de realizar grandes desplazamientos, con cono de papel y Kevlar\u00ae Rango de frecuencias: Cruce a -6 dB en 23Hz y 25\/140 Hz (ajustable; EQ en posici\u00f3n A) Respuesta en frecuencia:\u00b13 dB 32 [&hellip;]<\/p>\n","protected":false},"featured_media":4067,"template":"","meta":{"_exactmetrics_skip_tracking":false,"_exactmetrics_sitenote_active":false,"_exactmetrics_sitenote_note":"","_exactmetrics_sitenote_category":0,"ocean_post_layout":"","ocean_both_sidebars_style":"","ocean_both_sidebars_content_width":0,"ocean_both_sidebars_sidebars_width":0,"ocean_sidebar":"","ocean_second_sidebar":"","ocean_disable_margins":"enable","ocean_add_body_class":"","ocean_shortcode_before_top_bar":"","ocean_shortcode_after_top_bar":"","ocean_shortcode_before_header":"","ocean_shortcode_after_header":"","ocean_has_shortcode":"","ocean_shortcode_after_title":"","ocean_shortcode_before_footer_widgets":"","ocean_shortcode_after_footer_widgets":"","ocean_shortcode_before_footer_bottom":"","ocean_shortcode_after_footer_bottom":"","ocean_display_top_bar":"default","ocean_display_header":"default","ocean_header_style":"","ocean_center_header_left_menu":"","ocean_custom_header_template":"","ocean_custom_logo":0,"ocean_custom_retina_logo":0,"ocean_custom_logo_max_width":0,"ocean_custom_logo_tablet_max_width":0,"ocean_custom_logo_mobile_max_width":0,"ocean_custom_logo_max_height":0,"ocean_custom_logo_tablet_max_height":0,"ocean_custom_logo_mobile_max_height":0,"ocean_header_custom_menu":"","ocean_menu_typo_font_family":"","ocean_menu_typo_font_subset":"","ocean_menu_typo_font_size":0,"ocean_menu_typo_font_size_tablet":0,"ocean_menu_typo_font_size_mobile":0,"ocean_menu_typo_font_size_unit":"px","ocean_menu_typo_font_weight":"","ocean_menu_typo_font_weight_tablet":"","ocean_menu_typo_font_weight_mobile":"","ocean_menu_typo_transform":"","ocean_menu_typo_transform_tablet":"","ocean_menu_typo_transform_mobile":"","ocean_menu_typo_line_height":0,"ocean_menu_typo_line_height_tablet":0,"ocean_menu_typo_line_height_mobile":0,"ocean_menu_typo_line_height_unit":"","ocean_menu_typo_spacing":0,"ocean_menu_typo_spacing_tablet":0,"ocean_menu_typo_spacing_mobile":0,"ocean_menu_typo_spacing_unit":"","ocean_menu_link_color":"","ocean_menu_link_color_hover":"","ocean_menu_link_color_active":"","ocean_menu_link_background":"","ocean_menu_link_hover_background":"","ocean_menu_link_active_background":"","ocean_menu_social_links_bg":"","ocean_menu_social_hover_links_bg":"","ocean_menu_social_links_color":"","ocean_menu_social_hover_links_color":"","ocean_disable_title":"default","ocean_disable_heading":"default","ocean_post_title":"","ocean_post_subheading":"","ocean_post_title_style":"","ocean_post_title_background_color":"","ocean_post_title_background":0,"ocean_post_title_bg_image_position":"","ocean_post_title_bg_image_attachment":"","ocean_post_title_bg_image_repeat":"","ocean_post_title_bg_image_size":"","ocean_post_title_height":0,"ocean_post_title_bg_overlay":0.5,"ocean_post_title_bg_overlay_color":"","ocean_disable_breadcrumbs":"default","ocean_breadcrumbs_color":"","ocean_breadcrumbs_separator_color":"","ocean_breadcrumbs_links_color":"","ocean_breadcrumbs_links_hover_color":"","ocean_display_footer_widgets":"default","ocean_display_footer_bottom":"default","ocean_custom_footer_template":""},"product_brand":[],"product_cat":[41],"product_tag":[2107,2105,2106],"class_list":{"0":"post-4066","1":"product","2":"type-product","3":"status-publish","4":"has-post-thumbnail","6":"product_cat-archivo","7":"product_tag-bw-asw608","8":"product_tag-bw-bowers-wilkins-asw608-subwoofer","9":"product_tag-bowers-wilkins-asw608","11":"entry","12":"has-media","14":"first","15":"instock","16":"sold-individually","17":"shipping-taxable","18":"product-type-simple","19":"has-product-nav","20":"col","21":"span_1_of_3","22":"owp-content-center","23":"owp-thumbs-layout-horizontal","24":"owp-btn-normal","25":"owp-tabs-layout-section"},"_links":{"self":[{"href":"https:\/\/www.darthy.com\/en\/wp-json\/wp\/v2\/product\/4066","targetHints":{"allow":["GET"]}}],"collection":[{"href":"https:\/\/www.darthy.com\/en\/wp-json\/wp\/v2\/product"}],"about":[{"href":"https:\/\/www.darthy.com\/en\/wp-json\/wp\/v2\/types\/product"}],"wp:featuredmedia":[{"embeddable":true,"href":"https:\/\/www.darthy.com\/en\/wp-json\/wp\/v2\/media\/4067"}],"wp:attachment":[{"href":"https:\/\/www.darthy.com\/en\/wp-json\/wp\/v2\/media?parent=4066"}],"wp:term":[{"taxonomy":"product_brand","embeddable":true,"href":"https:\/\/www.darthy.com\/en\/wp-json\/wp\/v2\/product_brand?post=4066"},{"taxonomy":"product_cat","embeddable":true,"href":"https:\/\/www.darthy.com\/en\/wp-json\/wp\/v2\/product_cat?post=4066"},{"taxonomy":"product_tag","embeddable":true,"href":"https:\/\/www.darthy.com\/en\/wp-json\/wp\/v2\/product_tag?post=4066"}],"curies":[{"name":"wp","href":"https:\/\/api.w.org\/{rel}","templated":true}]}}