{"id":3077,"date":"2019-03-25T11:28:41","date_gmt":"2019-03-25T11:28:41","guid":{"rendered":"http:\/\/www.darthy.com\/producto\/casio-mtp-1291-used\/"},"modified":"2019-09-20T17:17:30","modified_gmt":"2019-09-20T17:17:30","slug":"casio-mtp-1291-used","status":"publish","type":"product","link":"https:\/\/www.darthy.com\/en\/product\/casio-mtp-1291-used\/","title":{"rendered":"Casio MTP-1291 used"},"content":{"rendered":"<p>Casio MTP-1291 en excelente estado<\/p>\n<ul>\n<li><b>Pantalla de ne\u00f3n<\/b><br \/>\nLas agujas y\/o el \u00edndice est\u00e1n cubiertos por una capa fluorescente y, si el reloj se ha expuesto anteriormente a un foco de luz, brillan en la oscuridad.<\/li>\n<li><b>Indicador de Fecha<\/b><br \/>\nLa fecha actual aparecer\u00e1 en pantalla.<\/li>\n<li><b>Cristal mineral<\/b><br \/>\nEl cristal mineral, duro y dif\u00edcil de rayar, protege el reloj de da\u00f1os exteriores.<\/li>\n<li><b>Caja s\u00f3lida de acero inoxidable<\/b><\/li>\n<li><b>Fondo de la carcasa atornillado<\/b><br \/>\nGracias a que el suelo de la carcasa est\u00e1 atornillado, la vida interior del reloj est\u00e1 protegida de forma \u00f3ptima, siendo a la vez de f\u00e1cil acceso para, por ejemplo, cambiar la pila.<\/li>\n<li><b>Correa de acero inoxidable<\/b><br \/>\nRobusta, resistente y elegante. La correa de acero inoxidable es un cl\u00e1sico para relojes.<\/li>\n<li><b>Cierre de seguridad<\/b><br \/>\nInfalible: la pulsera de este reloj tiene un cierre especialmente seguro que impide una apertura accidental.<\/li>\n<li><b>3 a\u00f1os &#8211; 1 pila<\/b><br \/>\nLa pila proporciona al reloj la energ\u00eda necesaria durante aprox. 3 a\u00f1os<\/li>\n<li><b>Clasificaci\u00f3n de resistencia al agua (5 bar)<\/b><br \/>\nEs posible ducharse y ba\u00f1arse con este reloj, han sido comprobados para una resistencia al agua de hasta 5 bar (ISO 22810).<\/li>\n<li><b>Dimensiones (A x A x P)<\/b><br \/>\n55,00mm x 46,30mm x 10,50mm<\/li>\n<li><b>Peso<\/b><br \/>\naprox. 136,00 g<\/li>\n<\/ul>","protected":false},"excerpt":{"rendered":"<p>Casio MTP-1291 en excelente estado Pantalla de ne\u00f3n Las agujas y\/o el \u00edndice est\u00e1n cubiertos por una capa fluorescente y, si el reloj se ha expuesto anteriormente a un foco de luz, brillan en la oscuridad. Indicador de Fecha La fecha actual aparecer\u00e1 en pantalla. Cristal mineral El cristal mineral, duro y dif\u00edcil de rayar, [&hellip;]<\/p>\n","protected":false},"featured_media":3079,"template":"","meta":{"_exactmetrics_skip_tracking":false,"_exactmetrics_sitenote_active":false,"_exactmetrics_sitenote_note":"","_exactmetrics_sitenote_category":0,"ocean_post_layout":"","ocean_both_sidebars_style":"","ocean_both_sidebars_content_width":0,"ocean_both_sidebars_sidebars_width":0,"ocean_sidebar":"","ocean_second_sidebar":"","ocean_disable_margins":"enable","ocean_add_body_class":"","ocean_shortcode_before_top_bar":"","ocean_shortcode_after_top_bar":"","ocean_shortcode_before_header":"","ocean_shortcode_after_header":"","ocean_has_shortcode":"","ocean_shortcode_after_title":"","ocean_shortcode_before_footer_widgets":"","ocean_shortcode_after_footer_widgets":"","ocean_shortcode_before_footer_bottom":"","ocean_shortcode_after_footer_bottom":"","ocean_display_top_bar":"default","ocean_display_header":"default","ocean_header_style":"","ocean_center_header_left_menu":"","ocean_custom_header_template":"","ocean_custom_logo":0,"ocean_custom_retina_logo":0,"ocean_custom_logo_max_width":0,"ocean_custom_logo_tablet_max_width":0,"ocean_custom_logo_mobile_max_width":0,"ocean_custom_logo_max_height":0,"ocean_custom_logo_tablet_max_height":0,"ocean_custom_logo_mobile_max_height":0,"ocean_header_custom_menu":"","ocean_menu_typo_font_family":"","ocean_menu_typo_font_subset":"","ocean_menu_typo_font_size":0,"ocean_menu_typo_font_size_tablet":0,"ocean_menu_typo_font_size_mobile":0,"ocean_menu_typo_font_size_unit":"px","ocean_menu_typo_font_weight":"","ocean_menu_typo_font_weight_tablet":"","ocean_menu_typo_font_weight_mobile":"","ocean_menu_typo_transform":"","ocean_menu_typo_transform_tablet":"","ocean_menu_typo_transform_mobile":"","ocean_menu_typo_line_height":0,"ocean_menu_typo_line_height_tablet":0,"ocean_menu_typo_line_height_mobile":0,"ocean_menu_typo_line_height_unit":"","ocean_menu_typo_spacing":0,"ocean_menu_typo_spacing_tablet":0,"ocean_menu_typo_spacing_mobile":0,"ocean_menu_typo_spacing_unit":"","ocean_menu_link_color":"","ocean_menu_link_color_hover":"","ocean_menu_link_color_active":"","ocean_menu_link_background":"","ocean_menu_link_hover_background":"","ocean_menu_link_active_background":"","ocean_menu_social_links_bg":"","ocean_menu_social_hover_links_bg":"","ocean_menu_social_links_color":"","ocean_menu_social_hover_links_color":"","ocean_disable_title":"default","ocean_disable_heading":"default","ocean_post_title":"","ocean_post_subheading":"","ocean_post_title_style":"","ocean_post_title_background_color":"","ocean_post_title_background":0,"ocean_post_title_bg_image_position":"","ocean_post_title_bg_image_attachment":"","ocean_post_title_bg_image_repeat":"","ocean_post_title_bg_image_size":"","ocean_post_title_height":0,"ocean_post_title_bg_overlay":0.5,"ocean_post_title_bg_overlay_color":"","ocean_disable_breadcrumbs":"default","ocean_breadcrumbs_color":"","ocean_breadcrumbs_separator_color":"","ocean_breadcrumbs_links_color":"","ocean_breadcrumbs_links_hover_color":"","ocean_display_footer_widgets":"default","ocean_display_footer_bottom":"default","ocean_custom_footer_template":""},"product_brand":[],"product_cat":[41],"product_tag":[1607,1608],"class_list":{"0":"post-3077","1":"product","2":"type-product","3":"status-publish","4":"has-post-thumbnail","6":"product_cat-archivo","7":"product_tag-casio-mtp-1291","8":"product_tag-casio-reloj","10":"entry","11":"has-media","13":"first","14":"instock","15":"sold-individually","16":"shipping-taxable","17":"product-type-simple","18":"has-product-nav","19":"col","20":"span_1_of_3","21":"owp-content-center","22":"owp-thumbs-layout-horizontal","23":"owp-btn-normal","24":"owp-tabs-layout-section","25":"has-no-thumbnails"},"_links":{"self":[{"href":"https:\/\/www.darthy.com\/en\/wp-json\/wp\/v2\/product\/3077","targetHints":{"allow":["GET"]}}],"collection":[{"href":"https:\/\/www.darthy.com\/en\/wp-json\/wp\/v2\/product"}],"about":[{"href":"https:\/\/www.darthy.com\/en\/wp-json\/wp\/v2\/types\/product"}],"wp:featuredmedia":[{"embeddable":true,"href":"https:\/\/www.darthy.com\/en\/wp-json\/wp\/v2\/media\/3079"}],"wp:attachment":[{"href":"https:\/\/www.darthy.com\/en\/wp-json\/wp\/v2\/media?parent=3077"}],"wp:term":[{"taxonomy":"product_brand","embeddable":true,"href":"https:\/\/www.darthy.com\/en\/wp-json\/wp\/v2\/product_brand?post=3077"},{"taxonomy":"product_cat","embeddable":true,"href":"https:\/\/www.darthy.com\/en\/wp-json\/wp\/v2\/product_cat?post=3077"},{"taxonomy":"product_tag","embeddable":true,"href":"https:\/\/www.darthy.com\/en\/wp-json\/wp\/v2\/product_tag?post=3077"}],"curies":[{"name":"wp","href":"https:\/\/api.w.org\/{rel}","templated":true}]}}