{"id":7,"date":"2016-10-25T14:57:22","date_gmt":"2016-10-25T14:57:22","guid":{"rendered":"http:\/\/s513633229.mialojamiento.es\/darthy\/carrito\/"},"modified":"2024-11-11T16:33:53","modified_gmt":"2024-11-11T16:33:53","slug":"carrito","status":"publish","type":"page","link":"https:\/\/www.darthy.com\/en\/carrito\/","title":{"rendered":"Carrito"},"content":{"rendered":"<h3 class=\"wp-block-heading\"><strong>Orders<\/strong><\/h3><p>You can place your order through our website or directly by calling or e-mailing us.<\/p><p>The payment of the items must be made within a maximum period of 5 days, after confirming the order with the buyer. Otherwise the item will be put back on sale.<\/p><p>Orders\nYou can place your order through our website or directly by calling or e-mailing us.\n\nThe payment of the items must be made within a maximum period of 5 days, after confirming the order with the buyer. Otherwise the item will be put back on sale.\n\nOnce we receive the payment we will proceed to send you the items you have purchased, either by courier (24-48 hours) or by taking it to you personally, as appropriate.\n\nBy having a physical store, sometimes the website may not be updated and items for sale may appear that are no longer available. In these cases, an alternative product will be offered or the total amount of the order will be refunded.\n\nMethods of payment:\nFor payments with credit card, we use the secure network REDSYS associated with La Caixa.\n\nFor payments by bank transfer, once the order is placed, you will receive an email indicating the account where to deposit the money and when we receive it we will send the order to your home. Please note that this method is slower because the process takes a few days.\n\nYou can also visit us at our store in Barcelona.<\/p><p>By having a physical store, sometimes the website may not be updated and items for sale may appear that are no longer available. In these cases, an alternative product will be offered or the total amount of the order will be refunded.<\/p><h3 class=\"wp-block-heading\"><strong>Methods of payment:<\/strong><\/h3><p>For payments with&nbsp;<strong>credit card<\/strong>, we use the secure network&nbsp;<a href=\"http:\/\/www.redsys.es\/\">REDSYS<\/a>&nbsp;associated with La Caixa.<\/p><p>For payments by&nbsp;<strong>bank transfer<\/strong>,&nbsp;una vez realizado el pedido recibir\u00e1s un mail indic\u00e1ndote la cuenta donde ingresar el dinero y cuando lo recibamos te mandaremos el pedido a casa. Ten en cuenta que este m\u00e9todo es m\u00e1s lento porque los tr\u00e1mites tardan unos d\u00edas.<\/p><p>You can also visit us at our store in&nbsp;<strong><a href=\"http:\/\/www.darthy.com\/en\/contacto\/\">Barcelona<\/a>.<\/strong><\/p><p><a href=\"https:\/\/www.darthy.com\/en\/politica-de-envios-y-devoluciones\/\">Shipping and Returns Policy<\/a><\/p>","protected":false},"excerpt":{"rendered":"<p>Pedidos: Puede hacer el pedido a trav\u00e9s de nuestra p\u00e1gina web o directamente llam\u00e1ndonos por tel\u00e9fono o correo electr\u00f3nico. El pago de los art\u00edculos deber\u00e1 hacerse efectivo en un plazo m\u00e1ximo de 5 d\u00edas, despu\u00e9s de confirmar el pedido con el comprador. En caso contrario el art\u00edculo se pondr\u00e1 de nuevo a la venta. Una [&hellip;]<\/p>\n","protected":false},"author":1,"featured_media":0,"parent":0,"menu_order":0,"comment_status":"closed","ping_status":"closed","template":"","meta":{"_exactmetrics_skip_tracking":false,"_exactmetrics_sitenote_active":false,"_exactmetrics_sitenote_note":"","_exactmetrics_sitenote_category":0,"ocean_post_layout":"","ocean_both_sidebars_style":"","ocean_both_sidebars_content_width":0,"ocean_both_sidebars_sidebars_width":0,"ocean_sidebar":"","ocean_second_sidebar":"","ocean_disable_margins":"enable","ocean_add_body_class":"","ocean_shortcode_before_top_bar":"","ocean_shortcode_after_top_bar":"","ocean_shortcode_before_header":"","ocean_shortcode_after_header":"","ocean_has_shortcode":"","ocean_shortcode_after_title":"","ocean_shortcode_before_footer_widgets":"","ocean_shortcode_after_footer_widgets":"","ocean_shortcode_before_footer_bottom":"","ocean_shortcode_after_footer_bottom":"","ocean_display_top_bar":"default","ocean_display_header":"default","ocean_header_style":"","ocean_center_header_left_menu":"","ocean_custom_header_template":"","ocean_custom_logo":0,"ocean_custom_retina_logo":0,"ocean_custom_logo_max_width":0,"ocean_custom_logo_tablet_max_width":0,"ocean_custom_logo_mobile_max_width":0,"ocean_custom_logo_max_height":0,"ocean_custom_logo_tablet_max_height":0,"ocean_custom_logo_mobile_max_height":0,"ocean_header_custom_menu":"","ocean_menu_typo_font_family":"","ocean_menu_typo_font_subset":"","ocean_menu_typo_font_size":0,"ocean_menu_typo_font_size_tablet":0,"ocean_menu_typo_font_size_mobile":0,"ocean_menu_typo_font_size_unit":"px","ocean_menu_typo_font_weight":"","ocean_menu_typo_font_weight_tablet":"","ocean_menu_typo_font_weight_mobile":"","ocean_menu_typo_transform":"","ocean_menu_typo_transform_tablet":"","ocean_menu_typo_transform_mobile":"","ocean_menu_typo_line_height":0,"ocean_menu_typo_line_height_tablet":0,"ocean_menu_typo_line_height_mobile":0,"ocean_menu_typo_line_height_unit":"","ocean_menu_typo_spacing":0,"ocean_menu_typo_spacing_tablet":0,"ocean_menu_typo_spacing_mobile":0,"ocean_menu_typo_spacing_unit":"","ocean_menu_link_color":"","ocean_menu_link_color_hover":"","ocean_menu_link_color_active":"","ocean_menu_link_background":"","ocean_menu_link_hover_background":"","ocean_menu_link_active_background":"","ocean_menu_social_links_bg":"","ocean_menu_social_hover_links_bg":"","ocean_menu_social_links_color":"","ocean_menu_social_hover_links_color":"","ocean_disable_title":"default","ocean_disable_heading":"default","ocean_post_title":"","ocean_post_subheading":"","ocean_post_title_style":"","ocean_post_title_background_color":"","ocean_post_title_background":0,"ocean_post_title_bg_image_position":"","ocean_post_title_bg_image_attachment":"","ocean_post_title_bg_image_repeat":"","ocean_post_title_bg_image_size":"","ocean_post_title_height":0,"ocean_post_title_bg_overlay":0.5,"ocean_post_title_bg_overlay_color":"","ocean_disable_breadcrumbs":"default","ocean_breadcrumbs_color":"","ocean_breadcrumbs_separator_color":"","ocean_breadcrumbs_links_color":"","ocean_breadcrumbs_links_hover_color":"","ocean_display_footer_widgets":"default","ocean_display_footer_bottom":"default","ocean_custom_footer_template":"","footnotes":""},"class_list":["post-7","page","type-page","status-publish","hentry","entry","owp-thumbs-layout-horizontal","owp-btn-normal","owp-tabs-layout-section","has-no-thumbnails","has-product-nav"],"_links":{"self":[{"href":"https:\/\/www.darthy.com\/en\/wp-json\/wp\/v2\/pages\/7","targetHints":{"allow":["GET"]}}],"collection":[{"href":"https:\/\/www.darthy.com\/en\/wp-json\/wp\/v2\/pages"}],"about":[{"href":"https:\/\/www.darthy.com\/en\/wp-json\/wp\/v2\/types\/page"}],"author":[{"embeddable":true,"href":"https:\/\/www.darthy.com\/en\/wp-json\/wp\/v2\/users\/1"}],"replies":[{"embeddable":true,"href":"https:\/\/www.darthy.com\/en\/wp-json\/wp\/v2\/comments?post=7"}],"version-history":[{"count":2,"href":"https:\/\/www.darthy.com\/en\/wp-json\/wp\/v2\/pages\/7\/revisions"}],"predecessor-version":[{"id":5275,"href":"https:\/\/www.darthy.com\/en\/wp-json\/wp\/v2\/pages\/7\/revisions\/5275"}],"wp:attachment":[{"href":"https:\/\/www.darthy.com\/en\/wp-json\/wp\/v2\/media?parent=7"}],"curies":[{"name":"wp","href":"https:\/\/api.w.org\/{rel}","templated":true}]}}